{"id":51424,"date":"2021-11-11T12:54:15","date_gmt":"2021-11-11T10:54:15","guid":{"rendered":"https:\/\/luxtim.lu\/gallery\/"},"modified":"2025-10-29T12:01:20","modified_gmt":"2025-10-29T10:01:20","slug":"gallery","status":"publish","type":"page","link":"https:\/\/luxtim.lu\/en\/gallery\/","title":{"rendered":"Gallery"},"content":{"rendered":"<p>[et_pb_section fb_built=&#8221;1&#8243; custom_padding_last_edited=&#8221;on|desktop&#8221; _builder_version=&#8221;4.16&#8243; _module_preset=&#8221;default&#8221; use_background_color_gradient=&#8221;on&#8221; background_color_gradient_stops=&#8221;rgba(106,11,25,0.75) 0%|rgba(106,11,25,0.75) 100%&#8221; background_color_gradient_overlays_image=&#8221;on&#8221; background_color_gradient_start=&#8221;rgba(106,11,25,0.75)&#8221; background_color_gradient_end=&#8221;rgba(106,11,25,0.75)&#8221; background_image=&#8221;https:\/\/luxtim.lu\/wp-content\/uploads\/2021\/09\/luxtim_header_section.jpg&#8221; custom_padding=&#8221;0px||100px||false|false&#8221; custom_padding_tablet=&#8221;&#8221; custom_padding_phone=&#8221;0px||100px||false|false&#8221; bottom_divider_color=&#8221;#f3f3f4&#8243; bottom_divider_height=&#8221;110px&#8221; bottom_divider_repeat=&#8221;1x&#8221; global_colors_info=&#8221;{}&#8221;][et_pb_row use_custom_gutter=&#8221;on&#8221; gutter_width=&#8221;2&#8243; make_equal=&#8221;on&#8221; custom_padding_last_edited=&#8221;on|phone&#8221; _builder_version=&#8221;4.16&#8243; _module_preset=&#8221;default&#8221; width=&#8221;90%&#8221; width_tablet=&#8221;90%&#8221; width_phone=&#8221;90%&#8221; width_last_edited=&#8221;on|tablet&#8221; max_width=&#8221;1170px&#8221; max_width_tablet=&#8221;90%&#8221; max_width_phone=&#8221;90%&#8221; max_width_last_edited=&#8221;on|desktop&#8221; custom_padding=&#8221;100px||0px||false|false&#8221; custom_padding_tablet=&#8221;&#8221; custom_padding_phone=&#8221;100px||0px||false|false&#8221; animation_direction=&#8221;top&#8221; animation_duration_tablet=&#8221;0ms&#8221; animation_duration_phone=&#8221;&#8221; animation_duration_last_edited=&#8221;on|tablet&#8221; global_colors_info=&#8221;{}&#8221; custom_css_main_element_last_edited=&#8221;on|tablet&#8221;][et_pb_column type=&#8221;4_4&#8243; _builder_version=&#8221;4.16&#8243; _module_preset=&#8221;default&#8221; global_colors_info=&#8221;{}&#8221;][et_pb_text _builder_version=&#8221;4.16&#8243; _module_preset=&#8221;default&#8221; header_font=&#8221;DM Sans|700|||||||&#8221; header_text_align=&#8221;left&#8221; header_text_color=&#8221;#FFFFFF&#8221; header_font_size=&#8221;50px&#8221; header_line_height=&#8221;1.13em&#8221; header_font_size_tablet=&#8221;40px&#8221; header_font_size_phone=&#8221;25px&#8221; header_font_size_last_edited=&#8221;on|phone&#8221; global_colors_info=&#8221;{}&#8221;]<\/p>\n<h1>Our project gallery<\/h1>\n<p>\n<script type=\"text\/javascript\" src=\"chrome-extension:\/\/hjggbopcacdchdecegldbeknhpeiheaf\/content\/zbscormscript.js\"><\/script>\n<\/p>\n<p>[\/et_pb_text][\/et_pb_column][\/et_pb_row][et_pb_row column_structure=&#8221;1_6,1_6,1_6,1_6,1_6,1_6&#8243; use_custom_gutter=&#8221;on&#8221; gutter_width=&#8221;1&#8243; make_equal=&#8221;on&#8221; _builder_version=&#8221;4.16&#8243; _module_preset=&#8221;default&#8221; width=&#8221;90%&#8221; width_tablet=&#8221;90%&#8221; width_phone=&#8221;90%&#8221; width_last_edited=&#8221;on|tablet&#8221; max_width=&#8221;1170px&#8221; max_width_tablet=&#8221;90%&#8221; max_width_phone=&#8221;90%&#8221; max_width_last_edited=&#8221;on|desktop&#8221; custom_padding=&#8221;20px||0px||false|false&#8221; animation_direction=&#8221;right&#8221; animation_duration_tablet=&#8221;0ms&#8221; animation_duration_phone=&#8221;&#8221; animation_duration_last_edited=&#8221;on|tablet&#8221; global_colors_info=&#8221;{}&#8221; custom_css_main_element_last_edited=&#8221;on|tablet&#8221; custom_css_main_element_tablet=&#8221;animate: none!important;&#8221; custom_css_main_element_phone=&#8221;animate: none!important;&#8221;][et_pb_column type=&#8221;1_6&#8243; _builder_version=&#8221;4.16&#8243; _module_preset=&#8221;default&#8221; custom_padding=&#8221;||||false|false&#8221; custom_padding_tablet=&#8221;||||false|false&#8221; custom_padding_phone=&#8221;||||false|false&#8221; custom_padding_last_edited=&#8221;on|tablet&#8221; global_colors_info=&#8221;{}&#8221;][et_pb_button button_url=&#8221;\/en\/#Contact&#8221; button_text=&#8221;CONTACT&#8221; button_alignment=&#8221;left&#8221; button_alignment_tablet=&#8221;left&#8221; button_alignment_phone=&#8221;left&#8221; button_alignment_last_edited=&#8221;on|phone&#8221; _builder_version=&#8221;4.23.1&#8243; _module_preset=&#8221;default&#8221; custom_button=&#8221;on&#8221; button_text_size=&#8221;15px&#8221; button_text_color=&#8221;#6a0b19&#8243; button_bg_color=&#8221;#FFFFFF&#8221; button_border_width=&#8221;2px&#8221; button_border_color=&#8221;RGBA(0,0,0,0)&#8221; button_border_radius=&#8221;5px&#8221; button_letter_spacing=&#8221;1px&#8221; button_font=&#8221;Rajdhani|700|||||||&#8221; button_icon=&#8221;&#x24;||divi||400&#8243; button_on_hover=&#8221;off&#8221; custom_padding=&#8221;16px|50px|15px|40px|false|false&#8221; hover_enabled=&#8221;0&#8243; global_colors_info=&#8221;{}&#8221; button_text_color__hover_enabled=&#8221;on|desktop&#8221; button_text_color__hover=&#8221;#ffffff&#8221; button_bg_color__hover_enabled=&#8221;on|hover&#8221; button_bg_color__hover=&#8221;#e74901&#8243; button_bg_enable_color__hover=&#8221;on&#8221; button_border_color__hover_enabled=&#8221;on|desktop&#8221; button_border_color__hover=&#8221;#e74901&#8243; button_letter_spacing__hover_enabled=&#8221;on|desktop&#8221; button_letter_spacing__hover=&#8221;1px&#8221; sticky_enabled=&#8221;0&#8243;][\/et_pb_button][\/et_pb_column][et_pb_column type=&#8221;1_6&#8243; _builder_version=&#8221;4.16&#8243; _module_preset=&#8221;default&#8221; custom_padding=&#8221;||||false|false&#8221; custom_padding_tablet=&#8221;||||false|false&#8221; custom_padding_phone=&#8221;30px||||false|false&#8221; custom_padding_last_edited=&#8221;on|phone&#8221; global_colors_info=&#8221;{}&#8221;][\/et_pb_column][et_pb_column type=&#8221;1_6&#8243; _builder_version=&#8221;4.16&#8243; _module_preset=&#8221;default&#8221; custom_padding=&#8221;||||false|false&#8221; custom_padding_tablet=&#8221;16px|||0px|false|false&#8221; custom_padding_phone=&#8221;16px|||0px|false|false&#8221; custom_padding_last_edited=&#8221;off|desktop&#8221; global_colors_info=&#8221;{}&#8221;][\/et_pb_column][et_pb_column type=&#8221;1_6&#8243; _builder_version=&#8221;4.16&#8243; _module_preset=&#8221;default&#8221; custom_padding=&#8221;||||false|false&#8221; custom_padding_tablet=&#8221;16px|||0px|false|false&#8221; custom_padding_phone=&#8221;16px|||0px|false|false&#8221; custom_padding_last_edited=&#8221;off|desktop&#8221; global_colors_info=&#8221;{}&#8221;][\/et_pb_column][et_pb_column type=&#8221;1_6&#8243; _builder_version=&#8221;4.16&#8243; _module_preset=&#8221;default&#8221; custom_padding=&#8221;||||false|false&#8221; custom_padding_tablet=&#8221;16px|||0px|false|false&#8221; custom_padding_phone=&#8221;16px|||0px|false|false&#8221; custom_padding_last_edited=&#8221;off|desktop&#8221; global_colors_info=&#8221;{}&#8221;][\/et_pb_column][et_pb_column type=&#8221;1_6&#8243; _builder_version=&#8221;4.16&#8243; _module_preset=&#8221;default&#8221; custom_padding=&#8221;||||false|false&#8221; custom_padding_tablet=&#8221;16px|||0px|false|false&#8221; custom_padding_phone=&#8221;16px|||0px|false|false&#8221; custom_padding_last_edited=&#8221;off|desktop&#8221; global_colors_info=&#8221;{}&#8221;][\/et_pb_column][\/et_pb_row][\/et_pb_section][et_pb_section fb_built=&#8221;1&#8243; module_id=&#8221;Gallery&#8221; _builder_version=&#8221;4.16&#8243; _module_preset=&#8221;default&#8221; background_color=&#8221;#f3f3f4&#8243; custom_padding=&#8221;0px||0px||true|false&#8221; global_colors_info=&#8221;{}&#8221;][et_pb_row use_custom_gutter=&#8221;on&#8221; gutter_width=&#8221;1&#8243; make_equal=&#8221;on&#8221; _builder_version=&#8221;4.16&#8243; _module_preset=&#8221;default&#8221; width=&#8221;90%&#8221; width_tablet=&#8221;90%&#8221; width_phone=&#8221;90%&#8221; width_last_edited=&#8221;on|desktop&#8221; max_width=&#8221;1170px&#8221; max_width_tablet=&#8221;90%&#8221; max_width_phone=&#8221;90%&#8221; max_width_last_edited=&#8221;on|phone&#8221; custom_padding=&#8221;100px||97px||false|false&#8221; global_colors_info=&#8221;{}&#8221;][et_pb_column type=&#8221;4_4&#8243; _builder_version=&#8221;4.16&#8243; _module_preset=&#8221;default&#8221; global_colors_info=&#8221;{}&#8221;][et_pb_gallery gallery_ids=&#8221;51359,51360,51361,51362,51363,51364,51365,51366,51367,51368,51369,51370,51371,51372,51373,51374,51375,51376,51377,51378,51379,51380,51381,51382,51383,51384,51385,51386,51387,51388,51389,51390,51391,51392,51393,51394,51395,51396,51397,51398,51399,51400,51401,51402,51403,51404,51405,51406,51407,51408,51409,51410&#8243; gallery_orderby=&#8221;rand&#8221; posts_number=&#8221;50&#8243; show_title_and_caption=&#8221;off&#8221; show_pagination=&#8221;off&#8221; zoom_icon_color=&#8221;#4a4a4a&#8221; hover_overlay_color=&#8221;rgba(255,255,255,0.5)&#8221; hover_icon=&#8221;&#x2e;||divi||400&#8243; _builder_version=&#8221;4.16&#8243; _module_preset=&#8221;default&#8221; custom_margin=&#8221;0px||0px||true|false&#8221; custom_padding=&#8221;0px||0px||true|false&#8221; custom_css_gallery_item=&#8221;padding: 3px;||width: 25% !important;||margin: 0 !important;||clear: none !important;&#8221; global_colors_info=&#8221;{}&#8221; custom_css_gallery_item_last_edited=&#8221;on|phone&#8221; custom_css_gallery_item_tablet=&#8221;padding: 3px;||width: 33.33% !important;||margin: 0 !important;||clear: none !important;&#8221; custom_css_gallery_item_phone=&#8221;padding: 3px;||width: 50% !important;||margin: 0 !important;||clear: none !important;&#8221;][\/et_pb_gallery][\/et_pb_column][\/et_pb_row][\/et_pb_section]<\/p>\n","protected":false},"excerpt":{"rendered":"<p>Our project gallery<\/p>\n","protected":false},"author":2,"featured_media":0,"parent":0,"menu_order":0,"comment_status":"closed","ping_status":"closed","template":"","meta":{"_et_pb_use_builder":"on","_et_pb_old_content":"","_et_gb_content_width":"","footnotes":""},"class_list":["post-51424","page","type-page","status-publish","hentry"],"yoast_head":"<!-- This site is optimized with the Yoast SEO plugin v27.5 - https:\/\/yoast.com\/product\/yoast-seo-wordpress\/ -->\n<title>Construction Projects - Luxtim S\u00e0rl<\/title>\n<meta name=\"description\" content=\"Our project gallery: Structural Work, Renovation, Outdoor Areas, for a Turnkey Home, Facade, and Interior Design.\" \/>\n<meta name=\"robots\" content=\"index, follow, max-snippet:-1, max-image-preview:large, max-video-preview:-1\" \/>\n<link rel=\"canonical\" href=\"https:\/\/luxtim.lu\/en\/gallery\/\" \/>\n<meta property=\"og:locale\" content=\"en_US\" \/>\n<meta property=\"og:type\" content=\"article\" \/>\n<meta property=\"og:title\" content=\"Construction Projects - Luxtim S\u00e0rl\" \/>\n<meta property=\"og:description\" content=\"Our project gallery: Structural Work, Renovation, Outdoor Areas, for a Turnkey Home, Facade, and Interior Design.\" \/>\n<meta property=\"og:url\" content=\"https:\/\/luxtim.lu\/en\/gallery\/\" \/>\n<meta property=\"og:site_name\" content=\"Luxtim\" \/>\n<meta property=\"article:publisher\" content=\"https:\/\/www.facebook.com\/mpedro30\" \/>\n<meta property=\"article:modified_time\" content=\"2025-10-29T10:01:20+00:00\" \/>\n<meta property=\"og:image\" content=\"https:\/\/luxtim.lu\/wp-content\/uploads\/2021\/09\/luxtim_featured_image.jpg\" \/>\n\t<meta property=\"og:image:width\" content=\"1280\" \/>\n\t<meta property=\"og:image:height\" content=\"720\" \/>\n\t<meta property=\"og:image:type\" content=\"image\/jpeg\" \/>\n<meta name=\"twitter:card\" content=\"summary_large_image\" \/>\n<meta name=\"twitter:label1\" content=\"Est. reading time\" \/>\n\t<meta name=\"twitter:data1\" content=\"5 minutes\" \/>\n<script type=\"application\/ld+json\" class=\"yoast-schema-graph\">{\"@context\":\"https:\\\/\\\/schema.org\",\"@graph\":[{\"@type\":\"WebPage\",\"@id\":\"https:\\\/\\\/luxtim.lu\\\/en\\\/gallery\\\/\",\"url\":\"https:\\\/\\\/luxtim.lu\\\/en\\\/gallery\\\/\",\"name\":\"Construction Projects - Luxtim S\u00e0rl\",\"isPartOf\":{\"@id\":\"https:\\\/\\\/luxtim.lu\\\/en\\\/#website\"},\"datePublished\":\"2021-11-11T10:54:15+00:00\",\"dateModified\":\"2025-10-29T10:01:20+00:00\",\"description\":\"Our project gallery: Structural Work, Renovation, Outdoor Areas, for a Turnkey Home, Facade, and Interior Design.\",\"breadcrumb\":{\"@id\":\"https:\\\/\\\/luxtim.lu\\\/en\\\/gallery\\\/#breadcrumb\"},\"inLanguage\":\"en-US\",\"potentialAction\":[{\"@type\":\"ReadAction\",\"target\":[\"https:\\\/\\\/luxtim.lu\\\/en\\\/gallery\\\/\"]}]},{\"@type\":\"BreadcrumbList\",\"@id\":\"https:\\\/\\\/luxtim.lu\\\/en\\\/gallery\\\/#breadcrumb\",\"itemListElement\":[{\"@type\":\"ListItem\",\"position\":1,\"name\":\"Home\",\"item\":\"https:\\\/\\\/luxtim.lu\\\/en\\\/\"},{\"@type\":\"ListItem\",\"position\":2,\"name\":\"Gallery\"}]},{\"@type\":\"WebSite\",\"@id\":\"https:\\\/\\\/luxtim.lu\\\/en\\\/#website\",\"url\":\"https:\\\/\\\/luxtim.lu\\\/en\\\/\",\"name\":\"Luxtim\",\"description\":\"Projets de Gros-\u0153uvre, de R\u00e9novation, de vos Alentours, pour une Maison cl\u00e9 en main, de Fa\u00e7ade et d\u2019Am\u00e9nagement int\u00e9rieure\",\"publisher\":{\"@id\":\"https:\\\/\\\/luxtim.lu\\\/en\\\/#organization\"},\"potentialAction\":[{\"@type\":\"SearchAction\",\"target\":{\"@type\":\"EntryPoint\",\"urlTemplate\":\"https:\\\/\\\/luxtim.lu\\\/en\\\/?s={search_term_string}\"},\"query-input\":{\"@type\":\"PropertyValueSpecification\",\"valueRequired\":true,\"valueName\":\"search_term_string\"}}],\"inLanguage\":\"en-US\"},{\"@type\":\"Organization\",\"@id\":\"https:\\\/\\\/luxtim.lu\\\/en\\\/#organization\",\"name\":\"Luxtim S. \u00e0 r. l.\",\"url\":\"https:\\\/\\\/luxtim.lu\\\/en\\\/\",\"logo\":{\"@type\":\"ImageObject\",\"inLanguage\":\"en-US\",\"@id\":\"https:\\\/\\\/luxtim.lu\\\/en\\\/#\\\/schema\\\/logo\\\/image\\\/\",\"url\":\"https:\\\/\\\/luxtim.lu\\\/wp-content\\\/uploads\\\/2021\\\/09\\\/logo_luxtim.jpg\",\"contentUrl\":\"https:\\\/\\\/luxtim.lu\\\/wp-content\\\/uploads\\\/2021\\\/09\\\/logo_luxtim.jpg\",\"width\":554,\"height\":199,\"caption\":\"Luxtim S. \u00e0 r. l.\"},\"image\":{\"@id\":\"https:\\\/\\\/luxtim.lu\\\/en\\\/#\\\/schema\\\/logo\\\/image\\\/\"},\"sameAs\":[\"https:\\\/\\\/www.facebook.com\\\/mpedro30\",\"https:\\\/\\\/www.instagram.com\\\/luxtim_sarl\\\/?hl=fr\"]}]}<\/script>\n<!-- \/ Yoast SEO plugin. -->","yoast_head_json":{"title":"Construction Projects - Luxtim S\u00e0rl","description":"Our project gallery: Structural Work, Renovation, Outdoor Areas, for a Turnkey Home, Facade, and Interior Design.","robots":{"index":"index","follow":"follow","max-snippet":"max-snippet:-1","max-image-preview":"max-image-preview:large","max-video-preview":"max-video-preview:-1"},"canonical":"https:\/\/luxtim.lu\/en\/gallery\/","og_locale":"en_US","og_type":"article","og_title":"Construction Projects - Luxtim S\u00e0rl","og_description":"Our project gallery: Structural Work, Renovation, Outdoor Areas, for a Turnkey Home, Facade, and Interior Design.","og_url":"https:\/\/luxtim.lu\/en\/gallery\/","og_site_name":"Luxtim","article_publisher":"https:\/\/www.facebook.com\/mpedro30","article_modified_time":"2025-10-29T10:01:20+00:00","og_image":[{"width":1280,"height":720,"url":"https:\/\/luxtim.lu\/wp-content\/uploads\/2021\/09\/luxtim_featured_image.jpg","type":"image\/jpeg"}],"twitter_card":"summary_large_image","twitter_misc":{"Est. reading time":"5 minutes"},"schema":{"@context":"https:\/\/schema.org","@graph":[{"@type":"WebPage","@id":"https:\/\/luxtim.lu\/en\/gallery\/","url":"https:\/\/luxtim.lu\/en\/gallery\/","name":"Construction Projects - Luxtim S\u00e0rl","isPartOf":{"@id":"https:\/\/luxtim.lu\/en\/#website"},"datePublished":"2021-11-11T10:54:15+00:00","dateModified":"2025-10-29T10:01:20+00:00","description":"Our project gallery: Structural Work, Renovation, Outdoor Areas, for a Turnkey Home, Facade, and Interior Design.","breadcrumb":{"@id":"https:\/\/luxtim.lu\/en\/gallery\/#breadcrumb"},"inLanguage":"en-US","potentialAction":[{"@type":"ReadAction","target":["https:\/\/luxtim.lu\/en\/gallery\/"]}]},{"@type":"BreadcrumbList","@id":"https:\/\/luxtim.lu\/en\/gallery\/#breadcrumb","itemListElement":[{"@type":"ListItem","position":1,"name":"Home","item":"https:\/\/luxtim.lu\/en\/"},{"@type":"ListItem","position":2,"name":"Gallery"}]},{"@type":"WebSite","@id":"https:\/\/luxtim.lu\/en\/#website","url":"https:\/\/luxtim.lu\/en\/","name":"Luxtim","description":"Projets de Gros-\u0153uvre, de R\u00e9novation, de vos Alentours, pour une Maison cl\u00e9 en main, de Fa\u00e7ade et d\u2019Am\u00e9nagement int\u00e9rieure","publisher":{"@id":"https:\/\/luxtim.lu\/en\/#organization"},"potentialAction":[{"@type":"SearchAction","target":{"@type":"EntryPoint","urlTemplate":"https:\/\/luxtim.lu\/en\/?s={search_term_string}"},"query-input":{"@type":"PropertyValueSpecification","valueRequired":true,"valueName":"search_term_string"}}],"inLanguage":"en-US"},{"@type":"Organization","@id":"https:\/\/luxtim.lu\/en\/#organization","name":"Luxtim S. \u00e0 r. l.","url":"https:\/\/luxtim.lu\/en\/","logo":{"@type":"ImageObject","inLanguage":"en-US","@id":"https:\/\/luxtim.lu\/en\/#\/schema\/logo\/image\/","url":"https:\/\/luxtim.lu\/wp-content\/uploads\/2021\/09\/logo_luxtim.jpg","contentUrl":"https:\/\/luxtim.lu\/wp-content\/uploads\/2021\/09\/logo_luxtim.jpg","width":554,"height":199,"caption":"Luxtim S. \u00e0 r. l."},"image":{"@id":"https:\/\/luxtim.lu\/en\/#\/schema\/logo\/image\/"},"sameAs":["https:\/\/www.facebook.com\/mpedro30","https:\/\/www.instagram.com\/luxtim_sarl\/?hl=fr"]}]}},"_links":{"self":[{"href":"https:\/\/luxtim.lu\/en\/wp-json\/wp\/v2\/pages\/51424","targetHints":{"allow":["GET"]}}],"collection":[{"href":"https:\/\/luxtim.lu\/en\/wp-json\/wp\/v2\/pages"}],"about":[{"href":"https:\/\/luxtim.lu\/en\/wp-json\/wp\/v2\/types\/page"}],"author":[{"embeddable":true,"href":"https:\/\/luxtim.lu\/en\/wp-json\/wp\/v2\/users\/2"}],"replies":[{"embeddable":true,"href":"https:\/\/luxtim.lu\/en\/wp-json\/wp\/v2\/comments?post=51424"}],"version-history":[{"count":8,"href":"https:\/\/luxtim.lu\/en\/wp-json\/wp\/v2\/pages\/51424\/revisions"}],"predecessor-version":[{"id":51465,"href":"https:\/\/luxtim.lu\/en\/wp-json\/wp\/v2\/pages\/51424\/revisions\/51465"}],"wp:attachment":[{"href":"https:\/\/luxtim.lu\/en\/wp-json\/wp\/v2\/media?parent=51424"}],"curies":[{"name":"wp","href":"https:\/\/api.w.org\/{rel}","templated":true}]}}